{"id":5379,"date":"2023-04-13T22:31:58","date_gmt":"2023-04-13T20:31:58","guid":{"rendered":"https:\/\/www.tipicitainblu.it\/privacy-policy\/"},"modified":"2025-04-03T12:18:00","modified_gmt":"2025-04-03T10:18:00","slug":"privacy-policy","status":"publish","type":"page","link":"https:\/\/www.tipicitainblu.it\/en\/privacy-policy\/","title":{"rendered":"Privacy Policy"},"content":{"rendered":"\r\n<div class=\"et_pb_row et_pb_row_1\">\r\n<div class=\"et_pb_column et_pb_column_4_4 et_pb_column_2  et_pb_css_mix_blend_mode_passthrough et-last-child\">\r\n<div class=\"et_pb_module et_pb_text et_pb_text_0  et_pb_text_align_left et_pb_bg_layout_light\">\r\n<div class=\"et_pb_text_inner\">\r\n<p><strong><em>Privacy Policy<\/em><\/strong><\/p>\r\n<\/div>\r\n<\/div>\r\n<\/div>\r\n<\/div>\r\n<div class=\"et_pb_row et_pb_row_2\">\r\n<div class=\"et_pb_column et_pb_column_4_4 et_pb_column_3  et_pb_css_mix_blend_mode_passthrough et-last-child\">\r\n<div class=\"et_pb_module et_pb_text et_pb_text_1  et_pb_text_align_left et_pb_bg_layout_light\">\r\n<div class=\"et_pb_text_inner\">\r\n<p><strong>TITOLARE DEL TRATTAMENTO<\/strong><\/p>\r\n<p>A seguito della consultazione di questo sito possono essere trattati dati relativi a persone identificate o identificabili. Ai sensi della normativa vigente e di quanto previsto dall\u2019art. 13 del Regolamento UE 2016\/679 del Parlamento Europeo e del Consiglio del 27 aprile 2016, relativo alla protezione delle persone fisiche con riguardo al trattamento dei dati personali, nonch\u00e9 alla libera circolazione di tali dati (di seguito \u201cRegolamento UE\u201d), La informiamo che il Titolare del trattamento dei dati da Lei forniti \u00e8 Imagina di Francesca Serri &amp; C. Sas, con sede in Camerino, (MC), Viale Leopardi, 14, Italia, codice fiscale e Partita IVA n. 01115460436 (di seguito il \u201cTitolare\u201d).<\/p>\r\n<p>&nbsp;<\/p>\r\n<p><strong>MODALIT\u00c0 DEL TRATTAMENTO <\/strong><\/p>\r\n<p>Il trattamento dei dati avverr\u00e0 con strumenti manuali e automatizzati per il tempo strettamente necessario a conseguire gli scopi per cui sono stati raccolti: consentirle di ricevere materiale commerciale, informativo, promozionale e\/o pubblicitario, accrediti. Specifiche misure di sicurezza sono osservate per prevenire la perdita dei dati, usi illeciti o non corretti ed accessi non autorizzati agli stessi. I trattamenti connessi ai servizi web di questo sito sono curati solo da personale autorizzato al trattamento, oppure da eventuali responsabili esterni che svolgono occasionali operazioni di manutenzione.<\/p>\r\n<p>&nbsp;<\/p>\r\n<p><strong>CATEGORIE DI DESTINATARI DEI DATI PERSONALI<\/strong><\/p>\r\n<p>I dati potranno essere comunicati a soggetti terzi qualificati come Responsabili esterni del trattamento, esclusivamente per le attivit\u00e0 connesse alle finalit\u00e0 per cui sono stati raccolti. La lista completa dei responsabili esterni del trattamento potr\u00e0 essere richiesta in ogni momento scrivendo al Titolare del trattamento, IMAGINA di Francesca Serri &amp; C. sas, all\u2019indirizzo indicato nel paragrafo \u201cDiritti degli interessati\u201d. I dati personali verranno trattati e conservati in territorio dell\u2019Unione Europea.<\/p>\r\n<p><strong>\u00a0<\/strong><\/p>\r\n<p><strong>TIPI DI DATI TRATTATI<\/strong><\/p>\r\n<p><strong>Dati di navigazione<\/strong><\/p>\r\n<p>I sistemi informatici e le procedure software preposte al funzionamento di questo sito web acquisiscono, nel corso del loro normale esercizio, alcuni dati personali la cui trasmissione \u00e8 implicita nell\u2019uso dei protocolli di comunicazione di Internet. Si tratta di informazioni che non sono raccolte per essere associate a interessati identificati, ma che per loro stessa natura potrebbero, attraverso elaborazioni ed associazioni con dati detenuti da terzi, permettere di identificare utenti. In questa categoria di dati rientrano gli indirizzi IP o i nomi a dominio dei computer utilizzati dagli utenti che si connettono al sito, gli indirizzi in notazione URI (Uniform Resource Identifier) delle risorse richieste, l\u2019orario della richiesta, il metodo utilizzato nel sottoporre la richiesta al server, la dimensione del file ottenuto in risposta, il codice numerico indicante lo stato della risposta data dal server (buon fine, errore, etc\u2026) ed altri parametri relativi al sistema operativo ed all\u2019ambiente informatico dell\u2019utente.<\/p>\r\n<p>&nbsp;<\/p>\r\n<p><strong>FINALIT\u00e0 DEL TRATTAMENTO<\/strong><\/p>\r\n<ol>\r\n<li>a) Newsletter (vedi informativa pagine seguenti)<\/li>\r\n<li>b) i dati di navigazione vengono utilizzati al solo fine di ricavare informazioni statistiche anonime sull\u2019uso del sito e per controllarne il corretto funzionamento.<\/li>\r\n<li>C) Richiesta di ricezione di materiale, informativo, commerciale, promozionale ed accrediti<\/li>\r\n<\/ol>\r\n<p>&nbsp;<\/p>\r\n<p><strong>BASE GIURIDICA DEL TRATTAMENTO<\/strong><\/p>\r\n<p>Per le finalit\u00e0 della lettera A) si fa riferimento all\u2019Art 6 \u2013 Par 1 let. A GDPR 679\/2016: consenso dell\u2019interessato<\/p>\r\n<p>Per le finalit\u00e0 b) e c) si fa riferimento all\u2019art 6 Pa.1 let. B GDPR 679\/2016: esecuzione contratto o misure precontrattuali adottate su richiesta dell\u2019interessato<\/p>\r\n<p>&nbsp;<\/p>\r\n<p><strong>PERIODO DI CONSERVAZIONE:<\/strong><\/p>\r\n<p>Per i dati trattati per la finalit\u00e0 della lettera a) si rimanda all\u2019apposita informativa.<\/p>\r\n<p>Per i dati trattati per la finalit\u00e0 della lettera\u00a0 b) il periodo di conservazione previsto \u00e8 di massimo 7 giorni, salvo il caso in cui i dati potrebbero essere utilizzati per l\u2019accertamento di responsabilit\u00e0 in caso di ipotetici reati informatici ai danni del sito .<\/p>\r\n<p>Per i dati trattati per le finalit\u00e0 della lettera c) i dati vengono conservati per il tempo necessario all\u2019espletamento della richiesta e successivamente cancellati.<\/p>\r\n<p>&nbsp;<\/p>\r\n<p><strong>Dati forniti volontariamente dall\u2019utente<\/strong><\/p>\r\n<p>Per la consultazione del sito non \u00e8 richiesto alcun conferimento di dati personali da parte dell\u2019utente. L\u2019invio facoltativo, esplicito e volontario di posta elettronica agli indirizzi indicati su questo sito comporta la successiva acquisizione dell\u2019indirizzo del mittente, necessario per rispondere alle richieste, nonch\u00e9 degli eventuali altri dati personali inseriti nella missiva. Tali dati saranno utilizzati al solo fine di dar seguito alla richiesta dell\u2019utente e potranno essere comunicati a terzi solo nel caso in cui ci\u00f2 sia necessario a tal fine.<\/p>\r\n<p>Il trattamento dei dati avverr\u00e0 con strumenti idonei a tutelare la riservatezza e la sicurezza dei Suoi dati nel rispetto della normativa privacy in vigore.<\/p>\r\n<p>Per il trattamento dei dati per finalit\u00e0 ulteriori, oltre a quelle sopra indicate, tali dati sono conservati per il tempo strettamente necessario a fornire all\u2019utente il servizio richiesto e sono cancellati subito dopo, salvi ulteriori obblighi di conservazione previsti dalla legge.<\/p>\r\n<p><strong>\u00a0<\/strong><\/p>\r\n<p><strong>Cookies<\/strong><\/p>\r\n<p>Per le informazioni relative ai cookies presenti sul sito web si rinvia alla Cookie Policy.<\/p>\r\n<p><strong>\u00a0<\/strong><\/p>\r\n<p><strong>FACOLTATIVIT\u00c0 DEL CONFERIMENTO DEI DATI<\/strong><\/p>\r\n<p>A parte quanto specificato per i dati di navigazione, l\u2019utente \u00e8 libero di fornire i dati personali qualora richiesto in apposite sezioni del sito. Il loro mancato conferimento pu\u00f2 comportare l\u2019impossibilit\u00e0, parziale o totale, di ottenere quanto richiesto.<\/p>\r\n<p><strong>\u00a0<\/strong><\/p>\r\n<p><strong>DIRITTI DEGLI INTERESSATI<\/strong><\/p>\r\n<p>I soggetti cui si riferiscono i dati personali hanno il diritto in qualunque momento di esercitare i loro diritti ex artt. 15 ss. del Regolamento UE tra i quali: a) diritto ad essere informato delle finalit\u00e0 e modalit\u00e0 del trattamento; b) accesso; c) aggiornamento e rettifica; d) cancellazione, anonimizzazione o blocco; e) opposizione al trattamento, inclusa l\u2019opposizione a processi decisionali automatizzati anche di profilazione; f) revoca del consenso (art.7 par.3 GDPR); g) portabilit\u00e0; h) limitazione al trattamento; i) proporre reclamo all\u2019autorit\u00e0 di controllo (art.77 GDPR)<\/p>\r\n<p>Tali diritti potranno essere esercitati contattando direttamente il Titolare all\u2019indirizzo email info@imaginacomunicazione.it o scrivendo a IMAGINA di Francesca Serri &amp; C. s.a.s., Viale Giacomo Leopardi, 14 \u2013 62032 C A M E R I N O (MC)<\/p>\r\n<p><strong>MODIFICHE ALLA POLICY<\/strong><\/p>\r\n<p>L\u2019eventuale entrata in vigore di nuove normative di settore, come anche il costante esame ed aggiornamento dei servizi all\u2019utente, potrebbe comportare la necessit\u00e0 di variare le modalit\u00e0 di trattamento dei dati personali degli utenti. \u00c8 pertanto possibile che la nostra privacy policy subisca modifiche nel tempo ed invitiamo, pertanto, il visitatore a consultare periodicamente questa pagina.<\/p>\r\n<p>&nbsp;<\/p>\r\n<p><strong>INFORMATIVA PRIVACY NEWSLETTER<\/strong><\/p>\r\n<p>Con la presente informativa sul trattamento dei dati personali (\u201c<strong>Informativa<\/strong>\u201c), redatta ai sensi del Regolamento UE 679\/2016 (di seguito, la \u201c<strong>Normativa Privacy<\/strong>\u201c), Imagina di Francesca Serri &amp; C. Sas, in qualit\u00e0 di autonomo titolare del trattamento (\u201cil \u201c<strong>Titolare<\/strong>\u201c), la informa che tratter\u00e0 i dati personali da Lei forniti (i \u201cDati\u201d) al fine di consentirle di ricevere materiale commerciale, informativo, promozionale e\/o pubblicitario (\u201c<strong>Newsletter<\/strong>\u201d).<\/p>\r\n<ol>\r\n<li><strong><u>Origine e tipologia dei Dati trattati<\/u><\/strong><\/li>\r\n<\/ol>\r\n<p>Imagina di Francesca Serri &amp; C. Sas tratter\u00e0 le seguenti categorie di Dati da Lei direttamente forniti: a) dati anagrafici e identificativi; b) dati di contatto.<\/p>\r\n<ol>\r\n<li><strong><u>Finalit\u00e0 del trattamento dei Dati<\/u><\/strong><br \/>Imagina di Francesca Serri &amp; C. Sas tratter\u00e0 i suoi Dati unicamente per la finalit\u00e0 di invio periodico di Newsletter.\u00a0<br \/>Il trattamento dei Suoi Dati per la finalit\u00e0 sopra indicata \u00e8 un requisito necessario per l\u2019invio delle Newsletter e, di conseguenza, in caso di mancato consenso, Lei non potr\u00e0 ricevere tali Newsletter.<\/li>\r\n<\/ol>\r\n<ol start=\"3\">\r\n<li><strong><u>Base giuridica del trattamento:<\/u><\/strong> Art 6 \u2013 Par 1 let. A GDPR 679\/2016: consenso dell\u2019interessato manifestato attraverso la duplice iscrizione.<\/li>\r\n<\/ol>\r\n<ol>\r\n<li><strong><u>Modalit\u00e0 di trattamento dei Dati<\/u><\/strong><br \/>Il trattamento e l\u2019elaborazione dei Dati avverr\u00e0 all\u2019interno dell\u2019Unione Europea mediante strumenti manuali ed elettronici, secondo logiche strettamente correlate alla finalit\u00e0 sopra indicata, in modo da garantire la sicurezza e la riservatezza dei Dati nel rispetto della Normativa Privacy.<\/li>\r\n<li><strong><u>Conservazione dei Dati<\/u><\/strong><br \/>I Suoi Dati potranno essere conservati fino alla revoca da parte Sua del consenso al trattamento a seguito della Sua decisione di non voler pi\u00f9 ricevere le Newsletter. La revoca potr\u00e0 essere esercitata in ogni momento, anche tramite apposita procedura di \u201c<strong><u>CANCELLAMI<\/u><\/strong>\u201d in calce ad ogni Newsletter.<\/li>\r\n<li><strong><u>Comunicazione dei Dati<\/u><\/strong><br \/>I Dati potranno essere comunicati a soggetti esterni che possono essere qualificati come responsabili o sub-responsabili del trattamento, per attivit\u00e0 strettamente connesse alle finalit\u00e0 sopra indicate, quali a titolo esemplificativo: servizi di comunicazione e marketing, help desk tecnico e amministrativo.<\/li>\r\n<li><strong><u>Diritti<\/u><\/strong><br \/>Ai sensi della Normativa Privacy, Lei \u00e8 titolare dei seguenti diritti e facolt\u00e0 con riferimento ai suoi Dati: a) diritto ad essere informato delle finalit\u00e0 e modalit\u00e0 del trattamento; b) accesso; c) aggiornamento e rettifica; d) cancellazione, anonimizzazione o blocco; e) opposizione al trattamento, inclusa l\u2019opposizione a processi decisionali automatizzati; f) revoca del consenso; g) portabilit\u00e0; h) limitazione al trattamento. Lei ha inoltre diritto di proporre reclamo all\u2019autorit\u00e0 di controllo. La informiamo che pu\u00f2 esercitare i Suoi diritti contattando direttamente il Titolare Titolare all\u2019indirizzo email info@imaginacomunicazione.it o scrivendo a IMAGINA di Francesca Serri &amp; C. s.a.s., Viale Giacomo Leopardi, 14 \u2013 62032 Camerino (MC)<\/li>\r\n<li><strong><u>Modifiche e aggiornamenti dell\u2019informativa<\/u><\/strong><br \/>Imagina di Francesca Serri &amp; C. Sas potr\u00e0 modificare, integrare e\/o aggiornare, in tutto o in parte, la presente Informativa, anche in considerazione di futuri cambiamenti che potranno intervenire sulla Normativa Privacy. Resta inteso che qualsiasi modifica, integrazione o aggiornamento Le sar\u00e0 comunicata in maniera tempestiva e puntuale tramite i mezzi elettronici o cartacei ritenuti pi\u00f9 idonei dal Titolare.<\/li>\r\n<\/ol>\r\n<\/div>\r\n<\/div>\r\n<\/div>\r\n<\/div>\r\n","protected":false},"excerpt":{"rendered":"<p>Privacy Policy TITOLARE DEL TRATTAMENTO A seguito della consultazione di questo sito possono essere trattati dati relativi a persone identificate o identificabili. Ai sensi della normativa vigente e di quanto previsto dall\u2019art. 13 del Regolamento UE 2016\/679 del Parlamento Europeo e del Consiglio del 27 aprile 2016, relativo alla protezione delle persone fisiche con riguardo [&hellip;]<\/p>\n","protected":false},"author":6,"featured_media":0,"parent":0,"menu_order":0,"comment_status":"closed","ping_status":"closed","template":"","meta":{"inline_featured_image":false,"footnotes":""},"class_list":["post-5379","page","type-page","status-publish","hentry"],"_links":{"self":[{"href":"https:\/\/www.tipicitainblu.it\/en\/wp-json\/wp\/v2\/pages\/5379","targetHints":{"allow":["GET"]}}],"collection":[{"href":"https:\/\/www.tipicitainblu.it\/en\/wp-json\/wp\/v2\/pages"}],"about":[{"href":"https:\/\/www.tipicitainblu.it\/en\/wp-json\/wp\/v2\/types\/page"}],"author":[{"embeddable":true,"href":"https:\/\/www.tipicitainblu.it\/en\/wp-json\/wp\/v2\/users\/6"}],"replies":[{"embeddable":true,"href":"https:\/\/www.tipicitainblu.it\/en\/wp-json\/wp\/v2\/comments?post=5379"}],"version-history":[{"count":1,"href":"https:\/\/www.tipicitainblu.it\/en\/wp-json\/wp\/v2\/pages\/5379\/revisions"}],"predecessor-version":[{"id":5380,"href":"https:\/\/www.tipicitainblu.it\/en\/wp-json\/wp\/v2\/pages\/5379\/revisions\/5380"}],"wp:attachment":[{"href":"https:\/\/www.tipicitainblu.it\/en\/wp-json\/wp\/v2\/media?parent=5379"}],"curies":[{"name":"wp","href":"https:\/\/api.w.org\/{rel}","templated":true}]}}